

{"id":3883,"date":"2017-10-09T16:00:58","date_gmt":"2017-10-09T14:00:58","guid":{"rendered":"http:\/\/mkv.miun.se\/red2017test\/?page_id=3883"},"modified":"2026-03-16T16:17:15","modified_gmt":"2026-03-16T15:17:15","slug":"kontakt","status":"publish","type":"page","link":"https:\/\/mkv.miun.se\/sundsvallsbladet\/kontakt\/","title":{"rendered":"Kontakt"},"content":{"rendered":"<p><strong><img loading=\"lazy\" decoding=\"async\" class=\"alignnone size-full wp-image-12002\" src=\"https:\/\/mkv.miun.se\/sundsvallsbladet\/wp-content\/uploads\/2026\/03\/nyhetssvallet-sundsvallsbladet-redaktion.png\" alt=\"\" width=\"5758\" height=\"3839\" srcset=\"https:\/\/mkv.miun.se\/sundsvallsbladet\/wp-content\/uploads\/2026\/03\/nyhetssvallet-sundsvallsbladet-redaktion.png 5758w, https:\/\/mkv.miun.se\/sundsvallsbladet\/wp-content\/uploads\/2026\/03\/nyhetssvallet-sundsvallsbladet-redaktion-300x200.png 300w, https:\/\/mkv.miun.se\/sundsvallsbladet\/wp-content\/uploads\/2026\/03\/nyhetssvallet-sundsvallsbladet-redaktion-725x483.png 725w, https:\/\/mkv.miun.se\/sundsvallsbladet\/wp-content\/uploads\/2026\/03\/nyhetssvallet-sundsvallsbladet-redaktion-145x96.png 145w, https:\/\/mkv.miun.se\/sundsvallsbladet\/wp-content\/uploads\/2026\/03\/nyhetssvallet-sundsvallsbladet-redaktion-768x512.png 768w, https:\/\/mkv.miun.se\/sundsvallsbladet\/wp-content\/uploads\/2026\/03\/nyhetssvallet-sundsvallsbladet-redaktion-1536x1024.png 1536w, https:\/\/mkv.miun.se\/sundsvallsbladet\/wp-content\/uploads\/2026\/03\/nyhetssvallet-sundsvallsbladet-redaktion-2048x1365.png 2048w, https:\/\/mkv.miun.se\/sundsvallsbladet\/wp-content\/uploads\/2026\/03\/nyhetssvallet-sundsvallsbladet-redaktion-730x487.png 730w, https:\/\/mkv.miun.se\/sundsvallsbladet\/wp-content\/uploads\/2026\/03\/nyhetssvallet-sundsvallsbladet-redaktion-325x217.png 325w, https:\/\/mkv.miun.se\/sundsvallsbladet\/wp-content\/uploads\/2026\/03\/nyhetssvallet-sundsvallsbladet-redaktion-650x433.png 650w, https:\/\/mkv.miun.se\/sundsvallsbladet\/wp-content\/uploads\/2026\/03\/nyhetssvallet-sundsvallsbladet-redaktion-960x640.png 960w\" sizes=\"auto, (max-width: 5758px) 100vw, 5758px\" \/><br \/>\nNyhetsredakt\u00f6r: William K\u00e4rki<\/strong><\/p>\n<p><strong>Webbredakt\u00f6r: Bianca Jiplea<\/strong><\/p>\n<p><strong>Sportreportrar: Erik Norin och Martin Sundberg<\/strong><\/p>\n<p><strong>Krimreportrar: Lily Melinder och Clara Lostelius Vikman<\/strong><\/p>\n<p><strong>Allm\u00e4nreportrar: Hanna Lutteman, Hilda Persson, Simon Sj\u00f6str\u00f6m och Ville Svensson<\/strong><\/p>\n<p><span class=\"mellanrubrik1\">Nyhetsf\u00f6rmedlare i Medelpad \ud83d\udccd<\/span><\/p>\n<p><span class=\"mellanrubrik1\">Har du tips till oss?<\/span><\/p>\n<p>\n<span class=\"mellanrubrik1\">Maila: sundsvallsbladet26@gmail.com<\/span><\/p>\n<p><span class=\"mellanrubrik1\">Facebook: Sundsvallsbladet26<\/span><\/p>\n<p><span class=\"mellanrubrik1\">Instagram: Sundsvallsbladet26<\/span><\/p>\n<p><span class=\"mellanrubrik1\">Tiktok: Sundsvallsbladet26<\/span><\/p>\n<p><span class=\"mellanrubrik1\">Ansvarig utgivare: peter.jonriksson@miun.se<\/span><\/p>\n<p>&nbsp;<\/p>\n<p>&nbsp;<\/p>\n","protected":false},"excerpt":{"rendered":"<p>Nyhetsredakt\u00f6r: William K\u00e4rki Webbredakt\u00f6r: Bianca Jiplea Sportreportrar: Erik Norin och Martin Sundberg Krimreportrar: Lily Melinder och Clara Lostelius Vikman Allm\u00e4nreportrar: Hanna Lutteman, Hilda Persson, Simon Sj\u00f6str\u00f6m och Ville Svensson Nyhetsf\u00f6rmedlare i Medelpad \ud83d\udccd Har du tips till oss? Maila: sundsvallsbladet26@gmail.com &hellip; <a href=\"https:\/\/mkv.miun.se\/sundsvallsbladet\/kontakt\/\">L\u00e4s mer <span class=\"meta-nav\">&rarr;<\/span><\/a><\/p>\n","protected":false},"author":1,"featured_media":0,"parent":0,"menu_order":0,"comment_status":"closed","ping_status":"closed","template":"","meta":{"_acf_changed":false,"footnotes":""},"class_list":["post-3883","page","type-page","status-publish","hentry"],"acf":[],"jetpack_sharing_enabled":true,"_links":{"self":[{"href":"https:\/\/mkv.miun.se\/sundsvallsbladet\/wp-json\/wp\/v2\/pages\/3883","targetHints":{"allow":["GET"]}}],"collection":[{"href":"https:\/\/mkv.miun.se\/sundsvallsbladet\/wp-json\/wp\/v2\/pages"}],"about":[{"href":"https:\/\/mkv.miun.se\/sundsvallsbladet\/wp-json\/wp\/v2\/types\/page"}],"author":[{"embeddable":true,"href":"https:\/\/mkv.miun.se\/sundsvallsbladet\/wp-json\/wp\/v2\/users\/1"}],"replies":[{"embeddable":true,"href":"https:\/\/mkv.miun.se\/sundsvallsbladet\/wp-json\/wp\/v2\/comments?post=3883"}],"version-history":[{"count":20,"href":"https:\/\/mkv.miun.se\/sundsvallsbladet\/wp-json\/wp\/v2\/pages\/3883\/revisions"}],"predecessor-version":[{"id":12445,"href":"https:\/\/mkv.miun.se\/sundsvallsbladet\/wp-json\/wp\/v2\/pages\/3883\/revisions\/12445"}],"wp:attachment":[{"href":"https:\/\/mkv.miun.se\/sundsvallsbladet\/wp-json\/wp\/v2\/media?parent=3883"}],"curies":[{"name":"wp","href":"https:\/\/api.w.org\/{rel}","templated":true}]}}